{"id":16,"date":"2024-02-02T21:30:38","date_gmt":"2024-02-02T20:30:38","guid":{"rendered":"https:\/\/alfredomuro.com\/?page_id=16"},"modified":"2026-01-22T12:58:48","modified_gmt":"2026-01-22T11:58:48","slug":"biografia","status":"publish","type":"page","link":"https:\/\/alfredomuro.com\/es\/biografia\/","title":{"rendered":"Biograf\u00eda"},"content":{"rendered":"\n<div class=\"wp-block-uagb-container uagb-block-jxivzwg5 alignfull uagb-is-root-container\"><div class=\"uagb-container-inner-blocks-wrap\">\n<div class=\"wp-block-uagb-container uagb-block-qhpcupdf\">\n<div class=\"wp-block-uagb-container uagb-block-c9wqgtla\">\n<h3 class=\"wp-block-heading\">HOY<\/h3>\n\n\n\n<div class=\"wp-block-uagb-separator uagb-block-495ee299\"><div class=\"uagb-separator-spacing-wrapper\"><div class=\"wp-block-uagb-separator__inner\" style=\"--my-background-image:\"><\/div><\/div><\/div>\n\n\n\n<div class=\"wp-block-uagb-info-box uagb-block-2icwxzoy uagb-infobox__content-wrap  uagb-infobox-icon-above-title uagb-infobox-image-valign-top\"><div class=\"uagb-ifb-content\"><div class=\"uagb-ifb-title-wrap\"><\/div><p class=\"uagb-ifb-desc\">Alfredo Muro invita a su audiencia a habitar un universo de descubrimiento musical compartido. Ya sea ante el eco de los escenarios del mundo, en el silencio de la composici\u00f3n o guiando el camino de nuevas generaciones, su vida es un testamento de devoci\u00f3n absoluta a la guitarra. Esta tr\u00edada de interpretaci\u00f3n, creaci\u00f3n y ense\u00f1anza sostiene el templo de su \u00e9xito y alimenta un hambre inagotable de evoluci\u00f3n art\u00edstica.<br><br>Aclamado como un virtuoso de sensibilidad exquisita, Alfredo Muro se erige como un embajador esencial del alma sudamericana. Si bien su maestr\u00eda brilla en la soledad del solista, su arte alcanza una delicadeza sublime en el di\u00e1logo \u00edntimo del acompa\u00f1amiento.<br>En su ilustre camino, ha tenido el privilegio de entrelazar sus cuerdas con las voces m\u00e1s sagradas de Am\u00e9rica: desde la eterna Chabuca Granda, Tania Libertad, Carmina Cannavino y Cecilia Barraza en Per\u00fa, hasta Regina Dias en Brasil, Irene Farrera en Venezuela y la honda interpretaci\u00f3n de la espa\u00f1ola Mara Barros.<br><br>Al umbral del 2026, Alfredo emprende una temporada ambiciosa marcada por estrenos y giras internacionales. Su itinerario abraza Europa, \u00c1frica y las Am\u00e9ricas, teniendo como norte el lanzamiento de dos \u00e1lbumes de estudio que grabar\u00e1 en Granada, Espa\u00f1a \u2014un tributo a dos colosos: Antonio Carlos Jobim y Astor Piazzolla, y un Tributo al finisimo guitarrista y compositor brasile\u00f1o Luiz Bonf\u00e1\u2014. Un hito de este a\u00f1o ser\u00e1 la publicaci\u00f3n de sus propias partituras; una invitaci\u00f3n a desentra\u00f1ar las texturas y armon\u00edas que habitan su mapa personal de creaci\u00f3n.<br><br>Como solista, Alfredo llevar\u00e1 su luz a escenarios de Estados Unidos, Espa\u00f1a y Francia. Adem\u00e1s, este 2026 marcar\u00e1 un regreso conmovedor al suelo africano con una gira de conciertos en las Islas Mauricio durante el mes de octubre.<br><br>Los conciertos de Alfredo Muro son rituales de despertar espiritual. Sobre el escenario, hay algo que trasciende la t\u00e9cnica: un amor ardiente por la melod\u00eda que ejecuta con una entrega casi m\u00edstica. Posee el don de transmutarse en m\u00fasica, perdi\u00e9ndose en ella para que el espectador, a su vez, olvide su propio yo y habite su mismo aliento. Aunque este fuego late en sus discos, es en el directo donde su presencia se vuelve absoluta.<br><br>Desde recitales \u00edntimos hasta salas de conciertos repletas y sea cual sea la ocasi\u00f3n, la m\u00fasica surge desde donde \u00e9l se sienta y extiende su abrazo a los asistentes. Se inclina ante nuestro danzar\u00edn interior, extiende su mano y nos atrae bajo su hechizo. Alg\u00fan tiempo despu\u00e9s, el p\u00fablico se despierta con sus propios aplausos atronadores y se pregunta c\u00f3mo sus corazones pueden estar tan llenos y sus sonrisas tan amplias. As\u00ed es como se supone que debe ser.<br><br>Alfredo Muro es un artista que ejecuta su arte en guitarras construidas por el gran luthier granadino Paco Santiago Mar\u00edn y pertenece a la familia artistica  de CrossRock Cases (China).<br><br>\u00a1Sigan de cerca el rastro de estos grandes proyectos!<\/p><\/div><\/div>\n<\/div>\n\n\n\n<div class=\"wp-block-uagb-container uagb-block-qdlydvkk\">\n<h3 class=\"wp-block-heading\">AYER<\/h3>\n\n\n\n<div class=\"wp-block-uagb-separator uagb-block-5a25833f\"><div class=\"uagb-separator-spacing-wrapper\"><div class=\"wp-block-uagb-separator__inner\" style=\"--my-background-image:\"><\/div><\/div><\/div>\n\n\n\n<div class=\"wp-block-uagb-info-box uagb-block-yotzs2ab uagb-infobox__content-wrap  uagb-infobox-icon-above-title uagb-infobox-image-valign-top\"><div class=\"uagb-ifb-content\"><div class=\"uagb-ifb-title-wrap\"><\/div><p class=\"uagb-ifb-desc\">Alfredo Muro, virtuoso peruano que entrelaza la interpretaci\u00f3n, la composici\u00f3n y la improvisaci\u00f3n, inici\u00f3 su romance con la guitarra en la soledad del autodidacta, donde su talento floreci\u00f3 con asombrosa rapidez. Ese di\u00e1logo \u00edntimo con las cuerdas le abri\u00f3 los caminos hacia una beca, permiti\u00e9ndole perfeccionar su arte bajo la gu\u00eda magistral del maestro Pepe Torres.<br><br>En 1971, Alfredo en duo conformado con su hermana se alzaron victoriosos en el programa Trampol\u00edn a la Fama tras un a\u00f1o de participacion. A sus trece a\u00f1os, su innato talento musical le otorg\u00f3 el primer premio en un prestigioso certamen a nivel nacional, superando a competidores de m\u00e1s de cien escuelas y marcando as\u00ed, con elegancia, el inicio de una prometedora trayectoria.<br><br>Su formaci\u00f3n continu\u00f3 bajo la tutela de Octavio Ticona y Carlos Hayre, maestros esenciales de la guitarra peruana con quienes asimil\u00f3 la armon\u00eda y la riqueza del folklore nacional. Esta base se vio enriquecida por cuatro a\u00f1os de estudio profundo junto a los maestros Manuel L\u00f3pez Ramos, Frank Costa, John Doan y Alfredo Escande. Asimismo, perfeccion\u00f3 su t\u00e9cnica en Armon\u00eda y Contrapunto bajo la gu\u00eda del distinguido maestro mexicano Jos\u00e9 Su\u00e1rez.<br><br>Alfredo Muro ha tenido la distinci\u00f3n de representar a Per\u00fa y Estados Unidos en destacados festivales internacionales, llevando su arte por escenarios de Am\u00e9rica, Europa ,Asia, y Africa. incluyendo cuatro giras por Taiw\u00e1n. Un hito de especial solemnidad en su carrera fue su actuaci\u00f3n en el Vaticano, donde tuvo el honor de tocar con su agrupaci\u00f3n Oro del Per\u00fa ante el Papa Juan Pablo II en una audiencia especial.<br><br>Alfredo Muro ha presentado conciertos en numerosos lugares de Estados Unidos. Tuvo el privilegio de ser el artista destacado en el Kennedy Center para la Serie de Conciertos Millennium en Washington D.C, en el Benaroya Hall en Seattle y en el Museo Smithsonian. Adem\u00e1s, ha tenido el privilegio de actuar en el Sal\u00f3n de las Am\u00e9ricas de la Organizaci\u00f3n de los Estados Americanos. Sus arreglos, transcripciones y art\u00edculos han sido publicados por la revista musical peruana Cuadernos de M\u00fasica Peruana, en su Edici\u00f3n #13.<br><br>En marzo de 2005, Alfredo Muro fue seleccionado para el premio Jack Rosenberg Memorial, M\u00fasico del Mes, por la Jazz Society of Oregon en su revista Jazzscene. El peri\u00f3dico Centinela de Portland, Oreg\u00f3n, destac\u00f3 al Sr. Muro como el \u201cHispano del mes\u201d. El Directorio de P\u00e1ginas Amarillas Hispanas lo present\u00f3 como el \u201cOrgullo de la Comunidad Hispana\u201d.<br><br>En julio de 2017 fue nominado por la Agencia de Publicidad A\u00f1omi y la Asociaci\u00f3n Latinoamericana de Escritores y Artistas, recibiendo el trofeo Eureka a la Calidad y Excelencia Art\u00edstica, por su trayectoria art\u00edstica adem\u00e1s de recibir un Diploma de Honor en \u00c9tica Human\u00edstica.<br><br>En mayo de 2018 particip\u00f3 en el reconocido Encuentro Internacional de Guitarras de Salamanca-M\u00e9xico adem\u00e1s de tocar por primera vez en Jap\u00f3n.<br><br>Mientras actuaba en Per\u00fa en agosto de 2019, fue seleccionado para recibir el Premio Eureka en reconocimiento a sus contribuciones como artista por parte de la Asociaci\u00f3n Latinoamericana de Escritores y Artistas y la Agencia de Publicidad A\u00f1omi.<br><br>Para obtener una biograf\u00eda ampliada, visite nuestro  <a href=\"https:\/\/alfredomuro.com\/es\/prensa\/\" data-type=\"page\" data-id=\"49\">kit de prensa<\/a>.<\/p><\/div><\/div>\n<\/div>\n<\/div>\n<\/div><\/div>\n","protected":false},"excerpt":{"rendered":"<p>HOY AYER<\/p>\n","protected":false},"author":1,"featured_media":0,"parent":0,"menu_order":0,"comment_status":"closed","ping_status":"closed","template":"","meta":{"_uag_custom_page_level_css":"","_swt_meta_header_display":false,"_swt_meta_footer_display":false,"_swt_meta_site_title_display":false,"_swt_meta_sticky_header":false,"_swt_meta_transparent_header":false,"_EventAllDay":false,"_EventTimezone":"","_EventStartDate":"","_EventEndDate":"","_EventStartDateUTC":"","_EventEndDateUTC":"","_EventShowMap":false,"_EventShowMapLink":false,"_EventURL":"","_EventCost":"","_EventCostDescription":"","_EventCurrencySymbol":"","_EventCurrencyCode":"","_EventCurrencyPosition":"","_EventDateTimeSeparator":"","_EventTimeRangeSeparator":"","_EventOrganizerID":[],"_EventVenueID":[],"_OrganizerEmail":"","_OrganizerPhone":"","_OrganizerWebsite":"","_VenueAddress":"","_VenueCity":"","_VenueCountry":"","_VenueProvince":"","_VenueState":"","_VenueZip":"","_VenuePhone":"","_VenueURL":"","_VenueStateProvince":"","_VenueLat":"","_VenueLng":"","_VenueShowMap":false,"_VenueShowMapLink":false,"footnotes":""},"class_list":["post-16","page","type-page","status-publish","hentry"],"uagb_featured_image_src":{"full":false,"thumbnail":false,"medium":false,"medium_large":false,"large":false,"1536x1536":false,"2048x2048":false},"uagb_author_info":{"display_name":"ohiawins","author_link":"https:\/\/alfredomuro.com\/es\/author\/ohiawins\/"},"uagb_comment_info":0,"uagb_excerpt":"HOY AYER","_links":{"self":[{"href":"https:\/\/alfredomuro.com\/es\/wp-json\/wp\/v2\/pages\/16","targetHints":{"allow":["GET"]}}],"collection":[{"href":"https:\/\/alfredomuro.com\/es\/wp-json\/wp\/v2\/pages"}],"about":[{"href":"https:\/\/alfredomuro.com\/es\/wp-json\/wp\/v2\/types\/page"}],"author":[{"embeddable":true,"href":"https:\/\/alfredomuro.com\/es\/wp-json\/wp\/v2\/users\/1"}],"replies":[{"embeddable":true,"href":"https:\/\/alfredomuro.com\/es\/wp-json\/wp\/v2\/comments?post=16"}],"version-history":[{"count":13,"href":"https:\/\/alfredomuro.com\/es\/wp-json\/wp\/v2\/pages\/16\/revisions"}],"predecessor-version":[{"id":2115,"href":"https:\/\/alfredomuro.com\/es\/wp-json\/wp\/v2\/pages\/16\/revisions\/2115"}],"wp:attachment":[{"href":"https:\/\/alfredomuro.com\/es\/wp-json\/wp\/v2\/media?parent=16"}],"curies":[{"name":"wp","href":"https:\/\/api.w.org\/{rel}","templated":true}]}}